{"id":267,"date":"2017-11-29T23:14:53","date_gmt":"2017-11-29T22:14:53","guid":{"rendered":"http:\/\/www.spoletokmzero.it\/site\/?page_id=267"},"modified":"2017-11-29T23:15:21","modified_gmt":"2017-11-29T22:15:21","slug":"privacy-e-cookie","status":"publish","type":"page","link":"https:\/\/www.spoletokmzero.it\/site\/privacy-e-cookie\/","title":{"rendered":"Informativa Privacy"},"content":{"rendered":"\t\t<div data-elementor-type=\"wp-post\" data-elementor-id=\"267\" class=\"elementor elementor-267 elementor-bc-flex-widget\">\n\t\t\t\t\t\t<div class=\"elementor-inner\">\n\t\t\t\t<div class=\"elementor-section-wrap\">\n\t\t\t\t\t\t\t\t\t<section class=\"elementor-section elementor-top-section elementor-element elementor-element-a08b3de elementor-section-boxed elementor-section-height-default elementor-section-height-default\" data-id=\"a08b3de\" data-element_type=\"section\">\n\t\t\t\t\t\t<div class=\"elementor-container elementor-column-gap-default\">\n\t\t\t\t\t\t\t<div class=\"elementor-row\">\n\t\t\t\t\t<div class=\"elementor-column elementor-col-100 elementor-top-column elementor-element elementor-element-07fc0d5\" data-id=\"07fc0d5\" data-element_type=\"column\">\n\t\t\t<div class=\"elementor-column-wrap elementor-element-populated\">\n\t\t\t\t\t\t\t<div class=\"elementor-widget-wrap\">\n\t\t\t\t\t\t<div class=\"elementor-element elementor-element-0a87915 elementor-widget elementor-widget-text-editor\" data-id=\"0a87915\" data-element_type=\"widget\" data-widget_type=\"text-editor.default\">\n\t\t\t\t<div class=\"elementor-widget-container\">\n\t\t\t\t\t\t\t\t<div class=\"elementor-text-editor elementor-clearfix\">\n\t\t\t\t<p style=\"margin-bottom: 0cm;\" align=\"CENTER\"><span style=\"font-size: x-large;\"><b>Informativa sulla Privacy<\/b><\/span><\/p><p style=\"margin-bottom: 0cm;\"><span style=\"font-size: x-large;\"><b>Informativa ai sensi del codice in materia di protezione dei dati personali &#8211; D.L. n. 196 del 30 giugno 2003<\/b><\/span><\/p>\t\t\t\t\t<\/div>\n\t\t\t\t\t\t<\/div>\n\t\t\t\t<\/div>\n\t\t\t\t\t\t<\/div>\n\t\t\t\t\t<\/div>\n\t\t<\/div>\n\t\t\t\t\t\t\t\t<\/div>\n\t\t\t\t\t<\/div>\n\t\t<\/section>\n\t\t\t\t<section class=\"elementor-section elementor-top-section elementor-element elementor-element-8a57872 elementor-section-boxed elementor-section-height-default elementor-section-height-default\" data-id=\"8a57872\" data-element_type=\"section\">\n\t\t\t\t\t\t<div class=\"elementor-container elementor-column-gap-default\">\n\t\t\t\t\t\t\t<div class=\"elementor-row\">\n\t\t\t\t\t<div class=\"elementor-column elementor-col-100 elementor-top-column elementor-element elementor-element-6b75b19\" data-id=\"6b75b19\" data-element_type=\"column\">\n\t\t\t<div class=\"elementor-column-wrap elementor-element-populated\">\n\t\t\t\t\t\t\t<div class=\"elementor-widget-wrap\">\n\t\t\t\t\t\t<div class=\"elementor-element elementor-element-f743947 elementor-widget elementor-widget-text-editor\" data-id=\"f743947\" data-element_type=\"widget\" data-widget_type=\"text-editor.default\">\n\t\t\t\t<div class=\"elementor-widget-container\">\n\t\t\t\t\t\t\t\t<div class=\"elementor-text-editor elementor-clearfix\">\n\t\t\t\t<p style=\"margin-bottom: 0cm;\"><span style=\"font-size: large;\"><b>Tipologie di Dati raccolti<\/b><\/span><\/p><p style=\"margin-bottom: 0cm;\"><span style=\"font-size: large;\">Fra i Dati Personali raccolti da questa Applicazione, in modo autonomo o tramite terze parti, ci sono: Cookie e Dati di utilizzo.<\/span><\/p><p style=\"margin-bottom: 0cm;\"><span style=\"font-size: large;\">Altri Dati Personali raccolti potrebbero essere indicati in altre sezioni di questa privacy policy o mediante testi informativi visualizzati contestualmente alla raccolta dei Dati stessi.<br \/>I Dati Personali possono essere inseriti volontariamente dall\u2019Utente, oppure raccolti in modo automatico durante l\u2019uso di questa Applicazione.<br \/>L\u2019eventuale utilizzo di Cookie \u2013 o di altri strumenti di tracciamento \u2013 da parte di questa Applicazione o dei titolari dei servizi terzi utilizzati da questa Applicazione, ove non diversamente precisato, ha la finalit\u00e0 di identificare l\u2019Utente e registrare le relative preferenze per finalit\u00e0 strettamente legate all\u2019erogazione del servizio richiesto dall\u2019Utente.<br \/>Il mancato conferimento da parte dell\u2019Utente di alcuni Dati Personali potrebbe impedire a questa Applicazione di erogare i propri servizi.<\/span><\/p><p style=\"margin-bottom: 0cm;\"><span style=\"font-size: large;\">L\u2019Utente si assume la responsabilit\u00e0 dei Dati Personali di terzi pubblicati o condivisi mediante questa Applicazione e garantisce di avere il diritto di comunicarli o diffonderli, liberando il Titolare da qualsiasi responsabilit\u00e0 verso terzi.<\/span><\/p><p style=\"margin-bottom: 0cm;\">\u00a0<\/p><p style=\"margin-bottom: 0cm;\"><span style=\"font-size: large;\"><b>Modalit\u00e0 e luogo del trattamento dei Dati raccolti<\/b><\/span><\/p><p style=\"margin-bottom: 0cm;\"><span style=\"font-size: large;\">Il Titolare tratta i Dati Personali degli Utenti adottando le opportune misure di sicurezza volte ad impedire l\u2019accesso, la divulgazione, la modifica o la distruzione non autorizzate dei Dati Personali.<br \/>Il trattamento viene effettuato mediante strumenti informatici e\/o telematici, con modalit\u00e0 organizzative e con logiche strettamente correlate alle finalit\u00e0 indicate. Oltre al Titolare, in alcuni casi, potrebbero avere accesso ai Dati categorie di incaricati coinvolti nell\u2019organizzazione del sito (personale amministrativo, commerciale, marketing, legali, amministratori di sistema) ovvero soggetti esterni (come fornitori di servizi tecnici terzi, corrieri postali, hosting provider, societ\u00e0 informatiche, agenzie di comunicazione) nominati anche, se necessario, Responsabili del Trattamento da parte del Titolare. L\u2019elenco aggiornato dei Responsabili potr\u00e0 sempre essere richiesto al Titolare del Trattamento.<\/span><\/p><p style=\"margin-bottom: 0cm;\">\u00a0<\/p><p style=\"margin-bottom: 0cm;\"><span style=\"font-size: large;\"><b>Luogo<\/b><\/span><\/p><p style=\"margin-bottom: 0cm;\"><span style=\"font-size: large;\">I Dati sono trattati presso le sedi operative del Titolare ed in ogni altro luogo in cui le parti coinvolte nel trattamento siano localizzate. Per ulteriori informazioni, contatta il Titolare.<\/span><\/p><p style=\"margin-bottom: 0cm;\">\u00a0<\/p><p style=\"margin-bottom: 0cm;\"><span style=\"font-size: large;\"><b>Tempi<\/b><\/span><\/p><p style=\"margin-bottom: 0cm;\"><span style=\"font-size: large;\">I Dati sono trattati per il tempo necessario allo svolgimento del servizio richiesto dall\u2019Utente, o richiesto dalle finalit\u00e0 descritte in questo documento, e l\u2019Utente pu\u00f2 sempre chiedere l\u2019interruzione del Trattamento o la cancellazione dei Dati.<\/span><\/p><p style=\"margin-bottom: 0cm;\"><span style=\"font-size: large;\">Finalit\u00e0 del Trattamento dei Dati raccolti<\/span><\/p><p style=\"margin-bottom: 0cm;\"><span style=\"font-size: large;\">I Dati dell\u2019Utente sono raccolti per consentire al Titolare di fornire i propri servizi, cos\u00ec come per le seguenti finalit\u00e0: Statistica.<\/span><\/p><p style=\"margin-bottom: 0cm;\"><span style=\"font-size: large;\">Le tipologie di Dati Personali utilizzati per ciascuna finalit\u00e0 sono indicati nelle sezioni specifiche di questo documento.<\/span><\/p><p style=\"margin-bottom: 0cm;\"><span style=\"font-size: large;\">Dettagli sul trattamento dei Dati Personali<\/span><\/p><p style=\"margin-bottom: 0cm;\"><span style=\"font-size: large;\">I Dati Personali sono raccolti per le seguenti finalit\u00e0 ed utilizzando i seguenti servizi:<\/span><\/p><p style=\"margin-bottom: 0cm;\"><span style=\"font-size: large;\">Statistica<\/span><\/p><p style=\"margin-bottom: 0cm;\"><span style=\"font-size: large;\">I servizi contenuti nella presente sezione permettono al Titolare del Trattamento di monitorare e analizzare i dati di traffico e servono a tener traccia del comportamento dell\u2019Utente.<\/span><\/p><p style=\"margin-bottom: 0cm;\">\u00a0<\/p><p style=\"margin-bottom: 0cm;\"><span style=\"font-size: large;\"><b>Google Analytics (Google)<\/b><\/span><\/p><p style=\"margin-bottom: 0cm;\"><span style=\"font-size: large;\">Google Analytics \u00e8 un servizio di analisi web fornito da Google Inc. (\u201cGoogle\u201d). Google utilizza i Dati Personali raccolti allo scopo di tracciare ed esaminare l\u2019utilizzo di questa Applicazione, compilare report e condividerli con gli altri servizi sviluppati da Google.<br \/>Google potrebbe utilizzare i Dati Personali per contestualizzare e personalizzare gli annunci del proprio network pubblicitario.<\/span><\/p><p style=\"margin-bottom: 0cm;\"><span style=\"font-size: large;\">Dati personali raccolti: Cookie e Dati di utilizzo.<\/span><\/p><p style=\"margin-bottom: 0cm;\">\u00a0<\/p><p style=\"margin-bottom: 0cm;\"><span style=\"font-size: large;\"><b>Altri Cookies di terze parti<\/b><\/span><\/p><p style=\"margin-bottom: 0cm;\"><span style=\"font-size: large;\">Sul nostro sito sono presenti \u201cSocial plugin\u201d per Facebook, Twitter, Google+ e Youtube.\u00a0Si tratta di parti della pagina visitata generate direttamente dai suddetti siti ed integrati nella pagina del sito ospitante.\u00a0L\u2019utilizzo pi\u00f9 comune dei social plugin \u00e8 finalizzato alla condivisione dei contenuti sui social network.<\/span><\/p><p style=\"margin-bottom: 0cm;\"><span style=\"font-size: large;\">La presenza di questi plugin comporta la trasmissione di cookie da e verso tutti i siti gestiti da terze parti. La gestione delle informazioni raccolte da \u201cterze parti\u201d \u00e8 disciplinata dalle relative informative cui si prega di fare riferimento. <\/span><\/p><p style=\"margin-bottom: 0cm;\">\u00a0<\/p><p style=\"margin-bottom: 0cm;\"><span style=\"font-size: large;\"><b>Durata dei cookie<\/b><\/span><\/p><p style=\"margin-bottom: 0cm;\"><span style=\"font-size: large;\">Alcuni cookie (cookie di sessione) restano attivi solo fino alla chiusura del browser o all\u2019esecuzione del comando di logout. Altri cookie \u201csopravvivono\u201d alla chiusura del browser e sono disponibili anche in successive visite dell\u2019utente.<\/span><\/p><p style=\"margin-bottom: 0cm;\"><span style=\"font-size: large;\">Questi cookie sono detti persistenti e la loro durata \u00e8 fissata dal server al momento della loro creazione. In alcuni casi \u00e8 fissata una scadenza, in altri casi la durata \u00e8 illimitata.<\/span><\/p><p style=\"margin-bottom: 0cm;\"><span style=\"font-size: large;\">Questo sito non fa uso di cookie persistenti.<\/span><\/p><p style=\"margin-bottom: 0cm;\"><span style=\"font-size: large;\">Tuttavia, navigando sulle pagine di questo sito, si pu\u00f2 interagire con siti gestiti da terze parti che possono creare o modificare cookie permanenti e di profilazione.<\/span><\/p><p style=\"margin-bottom: 0cm;\"><span style=\"font-size: large;\"><b>Gestione dei cookie<\/b><\/span><\/p><p style=\"margin-bottom: 0cm;\"><span style=\"font-size: large;\">L\u2019utente pu\u00f2 decidere se accettare o meno i cookie utilizzando le impostazioni del proprio browser.<\/span><\/p><p style=\"margin-bottom: 0cm;\"><span style=\"font-size: large;\">Attenzione: la disabilitazione totale o parziale dei cookie tecnici pu\u00f2 compromettere l\u2019utilizzo delle funzionalit\u00e0 del sito riservate agli utenti registrati. Al contrario, la fruibilit\u00e0 dei contenuti pubblici \u00e8 possibile anche disabilitando completamente i cookie.<\/span><\/p><p style=\"margin-bottom: 0cm;\"><span style=\"font-size: large;\">La disabilitazione dei cookie \u201cterze parti\u201d non pregiudica in alcun modo la navigabilit\u00e0.<\/span><\/p><p style=\"margin-bottom: 0cm;\">\u00a0<\/p><p style=\"margin-bottom: 0cm;\"><span style=\"font-size: large;\"><b>Difesa in giudizio<\/b><\/span><\/p><p style=\"margin-bottom: 0cm;\"><span style=\"font-size: large;\">I Dati Personali dell\u2019Utente possono essere utilizzati per la difesa da parte del Titolare in giudizio o nelle fasi propedeutiche alla sua eventuale instaurazione, da abusi nell\u2019utilizzo della stessa o dei servizi connessi da parte dell\u2019Utente.<br \/>L\u2019Utente dichiara di essere consapevole che il Titolare potrebbe essere richiesto di rivelare i Dati su richiesta delle pubbliche autorit\u00e0.<\/span><\/p><p style=\"margin-bottom: 0cm;\"><span style=\"font-size: large;\"><b>Informative specifiche<\/b><\/span><\/p><p style=\"margin-bottom: 0cm;\"><span style=\"font-size: large;\">Su richiesta dell\u2019Utente, in aggiunta alle informazioni contenute in questa privacy policy, questa Applicazione potrebbe fornire all\u2019Utente delle informative aggiuntive e contestuali riguardanti servizi specifici, o la raccolta ed il trattamento di Dati Personali.<\/span><\/p><p style=\"margin-bottom: 0cm;\"><span style=\"font-size: large;\"><b>Log di sistema e manutenzione<\/b><\/span><\/p><p style=\"margin-bottom: 0cm;\"><span style=\"font-size: large;\">Per necessit\u00e0 legate al funzionamento ed alla manutenzione, questa Applicazione e gli eventuali servizi terzi da essa utilizzati potrebbero raccogliere Log di sistema, ossia file che registrano le interazioni e che possono contenere anche Dati Personali, quali l\u2019indirizzo IP Utente.<\/span><\/p><p style=\"margin-bottom: 0cm;\"><span style=\"font-size: large;\"><b>Informazioni non contenute in questa policy<\/b><\/span><\/p><p style=\"margin-bottom: 0cm;\"><span style=\"font-size: large;\">Maggiori informazioni in relazione al trattamento dei Dati Personali potranno essere richieste in qualsiasi momento al Titolare del Trattamento utilizzando le informazioni di contatto.<\/span><\/p><p style=\"margin-bottom: 0cm;\"><span style=\"font-size: large;\"><b>Esercizio dei diritti da parte degli Utenti<\/b><\/span><\/p><p style=\"margin-bottom: 0cm;\"><span style=\"font-size: large;\">I soggetti cui si riferiscono i Dati Personali hanno il diritto in qualunque momento di ottenere la conferma dell\u2019esistenza o meno degli stessi presso il Titolare del Trattamento, di conoscerne il contenuto e l\u2019origine, di verificarne l\u2019esattezza o chiederne l\u2019integrazione, la cancellazione, l\u2019aggiornamento, la rettifica, la trasformazione in forma anonima o il blocco dei Dati Personali trattati in violazione di legge, nonch\u00e9 di opporsi in ogni caso, per motivi legittimi, al loro trattamento. Le richieste vanno rivolte al Titolare del Trattamento.<\/span><\/p><p style=\"margin-bottom: 0cm;\"><span style=\"font-size: large;\">Questa Applicazione non supporta le richieste \u201cDo Not Track\u201d. Per conoscere se gli eventuali servizi di terze parti utilizzati le supportano, consulta le loro privacy policy.<\/span><\/p><p style=\"margin-bottom: 0cm;\"><span style=\"font-size: large;\"><b>Modifiche a questa privacy policy<\/b><\/span><\/p><p style=\"margin-bottom: 0cm;\"><span style=\"font-size: large;\">Il Titolare del Trattamento si riserva il diritto di apportare modifiche alla presente privacy policy in qualunque momento dandone pubblicit\u00e0 agli Utenti su questa pagina. Si prega dunque di consultare spesso questa pagina, prendendo come riferimento la data di ultima modifica indicata in fondo. Nel caso di mancata accettazione delle modifiche apportate alla presente privacy policy, l\u2019Utente \u00e8 tenuto a cessare l\u2019utilizzo di questa Applicazione e pu\u00f2 richiedere al Titolare del Trattamento di rimuovere i propri Dati Personali. Salvo quanto diversamente specificato, la precedente privacy policy continuer\u00e0 ad applicarsi ai Dati Personali sino a quel momento raccolti.<\/span><\/p><p style=\"margin-bottom: 0cm;\"><span style=\"font-size: large;\"><b>Informazioni su questa privacy policy<\/b><\/span><\/p><p style=\"margin-bottom: 0cm;\"><span style=\"font-size: large;\">Il Titolare del Trattamento dei Dati \u00e8 responsabile per questa privacy policy, redatta partendo da moduli predisposti da Iubenda e conservati sui suoi server.<\/span><\/p><p style=\"margin-bottom: 0cm;\">\u00a0<\/p><p style=\"margin-bottom: 0cm;\"><span style=\"font-size: large;\"><b>Definizioni e riferimenti legali<\/b><\/span><\/p><p style=\"margin-bottom: 0cm;\"><span style=\"font-size: large;\"><b>Dati Personali (o Dati)<\/b><\/span><\/p><p style=\"margin-bottom: 0cm;\"><span style=\"font-size: large;\">Costituisce dato personale qualunque informazione relativa a persona fisica, identificata o identificabile, anche indirettamente, mediante riferimento a qualsiasi altra informazione, ivi compreso un numero di identificazione personale.<\/span><\/p><p style=\"margin-bottom: 0cm;\"><span style=\"font-size: large;\"><b>Dati di Utilizzo<\/b><\/span><\/p><p style=\"margin-bottom: 0cm;\"><span style=\"font-size: large;\">Sono i dati personali raccolti in maniera automatica dall\u2019Applicazione (o dalle applicazioni di parti terze che la stessa utilizza), tra i quali: gli indirizzi IP o i nomi a dominio dei computer utilizzati dall\u2019Utente che si connette all\u2019Applicazione, gli indirizzi in notazione URI (Uniform Resource Identifier), l\u2019orario della richiesta, il metodo utilizzato nel sottoporre la richiesta al server, la dimensione del file ottenuto in risposta, il codice numerico indicante lo stato della risposta dal server (buon fine, errore, ecc.) il Paese di provenienza, le caratteristiche del browser e del sistema operativo utilizzati dal visitatore, le varie connotazioni temporali della visita (ad esempio il tempo di permanenza su ciascuna pagina) e i dettagli relativi all\u2019itinerario seguito all\u2019interno dell\u2019Applicazione, con particolare riferimento alla sequenza delle pagine consultate, ai parametri relativi al sistema operativo e all\u2019ambiente informatico dell\u2019Utente.<\/span><\/p><p style=\"margin-bottom: 0cm;\"><span style=\"font-size: large;\"><b>Utente<\/b><\/span><\/p><p style=\"margin-bottom: 0cm;\"><span style=\"font-size: large;\">L\u2019individuo che utilizza questa Applicazione, che deve coincidere con l\u2019Interessato o essere da questo autorizzato ed i cui Dati Personali sono oggetto del trattamento.<\/span><\/p><p style=\"margin-bottom: 0cm;\"><span style=\"font-size: large;\">Interessato<\/span><\/p><p style=\"margin-bottom: 0cm;\"><span style=\"font-size: large;\">La persona fisica o giuridica cui si riferiscono i Dati Personali.<\/span><\/p><p style=\"margin-bottom: 0cm;\"><span style=\"font-size: large;\"><b>Responsabile del Trattamento (o Responsabile)<\/b><\/span><\/p><p style=\"margin-bottom: 0cm;\"><span style=\"font-size: large;\">La persona fisica, giuridica, la pubblica amministrazione e qualsiasi altro ente, associazione od organismo preposti dal Titolare al trattamento dei Dati Personali, secondo quanto predisposto dalla presente privacy policy.<\/span><\/p><p style=\"margin-bottom: 0cm;\"><span style=\"font-size: large;\"><b>Titolare del Trattamento (o Titolare)<\/b><\/span><\/p><p style=\"margin-bottom: 0cm;\"><span style=\"font-size: large;\">La persona fisica, giuridica, la pubblica amministrazione e qualsiasi altro ente, associazione od organismo cui competono, anche unitamente ad altro titolare, le decisioni in ordine alle finalit\u00e0, alle modalit\u00e0 del trattamento di dati personali ed agli strumenti utilizzati, ivi compreso il profilo della sicurezza, in relazione al funzionamento e alla fruizione di questa Applicazione. Il Titolare del Trattamento, salvo quanto diversamente specificato, \u00e8 il proprietario di questa Applicazione.<\/span><\/p><p style=\"margin-bottom: 0cm;\"><span style=\"font-size: large;\"><b>Questa Applicazione<\/b><\/span><\/p><p style=\"margin-bottom: 0cm;\"><span style=\"font-size: large;\">Lo strumento hardware o software mediante il quale sono raccolti i Dati Personali degli Utenti.<\/span><\/p><p style=\"margin-bottom: 0cm;\"><span style=\"font-size: large;\"><b>Cookie<\/b><\/span><\/p><p style=\"margin-bottom: 0cm;\"><span style=\"font-size: large;\">Piccola porzione di dati conservata all\u2019interno del dispositivo dell\u2019Utente.<\/span><\/p><p style=\"margin-bottom: 0cm;\"><span style=\"font-size: large;\"><b>Riferimenti legali<\/b><\/span><\/p><p style=\"margin-bottom: 0cm;\"><span style=\"font-size: large;\">Avviso agli Utenti europei: la presente informativa privacy \u00e8 redatta in adempimento degli obblighi previsti dall\u2019Art. 10 della Direttiva n. 95\/46\/CE, nonch\u00e9 a quanto previsto dalla Direttiva 2002\/58\/CE, come aggiornata dalla Direttiva 2009\/136\/CE, in materia di Cookie.<\/span><\/p><p style=\"margin-bottom: 0cm;\"><span style=\"font-size: large;\">Questa informativa privacy riguarda esclusivamente questa Applicazione.<\/span><\/p><p style=\"margin-bottom: 0cm;\">\u00a0<\/p>\t\t\t\t\t<\/div>\n\t\t\t\t\t\t<\/div>\n\t\t\t\t<\/div>\n\t\t\t\t\t\t<\/div>\n\t\t\t\t\t<\/div>\n\t\t<\/div>\n\t\t\t\t\t\t\t\t<\/div>\n\t\t\t\t\t<\/div>\n\t\t<\/section>\n\t\t\t\t\t\t\t\t\t<\/div>\n\t\t\t<\/div>\n\t\t\t\t\t<\/div>\n\t\t","protected":false},"excerpt":{"rendered":"<p>Informativa sulla Privacy Informativa ai sensi del codice in materia di protezione dei dati personali &#8211; D.L. n. 196 del 30 giugno 2003 Tipologie di Dati raccolti Fra i Dati Personali raccolti da questa Applicazione, in modo autonomo o tramite terze parti, ci sono: Cookie e Dati di utilizzo. Altri Dati Personali raccolti potrebbero essere &hellip; <\/p>\n<p class=\"link-more\"><a href=\"https:\/\/www.spoletokmzero.it\/site\/privacy-e-cookie\/\" class=\"more-link\">Leggi tutto<span class=\"screen-reader-text\"> &#8220;Informativa Privacy&#8221;<\/span><\/a><\/p>\n","protected":false},"author":2,"featured_media":0,"parent":0,"menu_order":0,"comment_status":"closed","ping_status":"closed","template":"","meta":[],"_links":{"self":[{"href":"https:\/\/www.spoletokmzero.it\/site\/wp-json\/wp\/v2\/pages\/267"}],"collection":[{"href":"https:\/\/www.spoletokmzero.it\/site\/wp-json\/wp\/v2\/pages"}],"about":[{"href":"https:\/\/www.spoletokmzero.it\/site\/wp-json\/wp\/v2\/types\/page"}],"author":[{"embeddable":true,"href":"https:\/\/www.spoletokmzero.it\/site\/wp-json\/wp\/v2\/users\/2"}],"replies":[{"embeddable":true,"href":"https:\/\/www.spoletokmzero.it\/site\/wp-json\/wp\/v2\/comments?post=267"}],"version-history":[{"count":4,"href":"https:\/\/www.spoletokmzero.it\/site\/wp-json\/wp\/v2\/pages\/267\/revisions"}],"predecessor-version":[{"id":271,"href":"https:\/\/www.spoletokmzero.it\/site\/wp-json\/wp\/v2\/pages\/267\/revisions\/271"}],"wp:attachment":[{"href":"https:\/\/www.spoletokmzero.it\/site\/wp-json\/wp\/v2\/media?parent=267"}],"curies":[{"name":"wp","href":"https:\/\/api.w.org\/{rel}","templated":true}]}}