{"id":798,"date":"2018-09-03T14:58:31","date_gmt":"2018-09-03T12:58:31","guid":{"rendered":"http:\/\/www.spoletokmzero.it\/site\/?page_id=798"},"modified":"2018-10-08T14:28:53","modified_gmt":"2018-10-08T12:28:53","slug":"castello-del-sole","status":"publish","type":"page","link":"https:\/\/www.spoletokmzero.it\/site\/castello-del-sole\/","title":{"rendered":"Castello del Sole"},"content":{"rendered":"\t\t<div data-elementor-type=\"wp-post\" data-elementor-id=\"798\" class=\"elementor elementor-798 elementor-bc-flex-widget\">\n\t\t\t\t\t\t<div class=\"elementor-inner\">\n\t\t\t\t<div class=\"elementor-section-wrap\">\n\t\t\t\t\t\t\t\t\t<section class=\"elementor-section elementor-top-section elementor-element elementor-element-400a0bd elementor-section-boxed elementor-section-height-default elementor-section-height-default\" data-id=\"400a0bd\" data-element_type=\"section\">\n\t\t\t\t\t\t<div class=\"elementor-container elementor-column-gap-default\">\n\t\t\t\t\t\t\t<div class=\"elementor-row\">\n\t\t\t\t\t<div class=\"elementor-column elementor-col-100 elementor-top-column elementor-element elementor-element-7dffc33\" data-id=\"7dffc33\" data-element_type=\"column\">\n\t\t\t<div class=\"elementor-column-wrap elementor-element-populated\">\n\t\t\t\t\t\t\t<div class=\"elementor-widget-wrap\">\n\t\t\t\t\t\t<div class=\"elementor-element elementor-element-22eee2e elementor-widget elementor-widget-heading\" data-id=\"22eee2e\" data-element_type=\"widget\" data-widget_type=\"heading.default\">\n\t\t\t\t<div class=\"elementor-widget-container\">\n\t\t\t<h1 class=\"elementor-heading-title elementor-size-default\">Il Castello del Sole<\/h1>\t\t<\/div>\n\t\t\t\t<\/div>\n\t\t\t\t\t\t<\/div>\n\t\t\t\t\t<\/div>\n\t\t<\/div>\n\t\t\t\t\t\t\t\t<\/div>\n\t\t\t\t\t<\/div>\n\t\t<\/section>\n\t\t\t\t<section class=\"elementor-section elementor-top-section elementor-element elementor-element-3fe7835 elementor-section-boxed elementor-section-height-default elementor-section-height-default\" data-id=\"3fe7835\" data-element_type=\"section\">\n\t\t\t\t\t\t<div class=\"elementor-container elementor-column-gap-default\">\n\t\t\t\t\t\t\t<div class=\"elementor-row\">\n\t\t\t\t\t<div class=\"elementor-column elementor-col-100 elementor-top-column elementor-element elementor-element-bcf9243\" data-id=\"bcf9243\" data-element_type=\"column\" data-settings=\"{&quot;background_background&quot;:&quot;classic&quot;}\">\n\t\t\t<div class=\"elementor-column-wrap elementor-element-populated\">\n\t\t\t\t\t\t\t<div class=\"elementor-widget-wrap\">\n\t\t\t\t\t\t<div class=\"elementor-element elementor-element-303d365 elementor-invisible elementor-widget elementor-widget-text-editor\" data-id=\"303d365\" data-element_type=\"widget\" data-settings=\"{&quot;_animation&quot;:&quot;fadeIn&quot;}\" data-widget_type=\"text-editor.default\">\n\t\t\t\t<div class=\"elementor-widget-container\">\n\t\t\t\t\t\t\t\t<div class=\"elementor-text-editor elementor-clearfix\">\n\t\t\t\t<p>Sellano loc. cammoro 32, 06030 Sellano PG<br \/>Email: magica52@gmail.com<br \/>Sito Web: <span style=\"color: #ffffff;\"><a style=\"color: #ffffff;\" href=\"http:\/\/www.ilcastellodelsole.it\" target=\"_blank\" rel=\"noopener\">Castello del Sole<\/a><\/span><\/p>\t\t\t\t\t<\/div>\n\t\t\t\t\t\t<\/div>\n\t\t\t\t<\/div>\n\t\t\t\t\t\t<\/div>\n\t\t\t\t\t<\/div>\n\t\t<\/div>\n\t\t\t\t\t\t\t\t<\/div>\n\t\t\t\t\t<\/div>\n\t\t<\/section>\n\t\t\t\t<section class=\"elementor-section elementor-top-section elementor-element elementor-element-0759f1b elementor-section-boxed elementor-section-height-default elementor-section-height-default\" data-id=\"0759f1b\" data-element_type=\"section\">\n\t\t\t\t\t\t<div class=\"elementor-container elementor-column-gap-default\">\n\t\t\t\t\t\t\t<div class=\"elementor-row\">\n\t\t\t\t\t<div class=\"elementor-column elementor-col-100 elementor-top-column elementor-element elementor-element-2d48c96\" data-id=\"2d48c96\" data-element_type=\"column\">\n\t\t\t<div class=\"elementor-column-wrap elementor-element-populated\">\n\t\t\t\t\t\t\t<div class=\"elementor-widget-wrap\">\n\t\t\t\t\t\t<div class=\"elementor-element elementor-element-07b478a elementor-widget elementor-widget-spacer\" data-id=\"07b478a\" data-element_type=\"widget\" data-widget_type=\"spacer.default\">\n\t\t\t\t<div class=\"elementor-widget-container\">\n\t\t\t\t\t<div class=\"elementor-spacer\">\n\t\t\t<div class=\"elementor-spacer-inner\"><\/div>\n\t\t<\/div>\n\t\t\t\t<\/div>\n\t\t\t\t<\/div>\n\t\t\t\t\t\t<\/div>\n\t\t\t\t\t<\/div>\n\t\t<\/div>\n\t\t\t\t\t\t\t\t<\/div>\n\t\t\t\t\t<\/div>\n\t\t<\/section>\n\t\t\t\t<section class=\"elementor-section elementor-top-section elementor-element elementor-element-52f3a07 elementor-section-boxed elementor-section-height-default elementor-section-height-default\" data-id=\"52f3a07\" data-element_type=\"section\">\n\t\t\t\t\t\t<div class=\"elementor-container elementor-column-gap-default\">\n\t\t\t\t\t\t\t<div class=\"elementor-row\">\n\t\t\t\t\t<div class=\"elementor-column elementor-col-50 elementor-top-column elementor-element elementor-element-c4b0f47\" data-id=\"c4b0f47\" data-element_type=\"column\">\n\t\t\t<div class=\"elementor-column-wrap elementor-element-populated\">\n\t\t\t\t\t\t\t<div class=\"elementor-widget-wrap\">\n\t\t\t\t\t\t<div class=\"elementor-element elementor-element-b4ea93c elementor-invisible elementor-widget elementor-widget-text-editor\" data-id=\"b4ea93c\" data-element_type=\"widget\" data-settings=\"{&quot;_animation&quot;:&quot;fadeInLeft&quot;}\" data-widget_type=\"text-editor.default\">\n\t\t\t\t<div class=\"elementor-widget-container\">\n\t\t\t\t\t\t\t\t<div class=\"elementor-text-editor elementor-clearfix\">\n\t\t\t\tIl nostro Agriturismo si trova a Cammoro, nel comune di Sellano.\nE\u2019 composto di due confortevoli appartamenti che si affacciano sullo splendido panorama della catena dei Monti Sibillini.\nIl piccolo borgo che lo ospita \u00e8 uno dei Castelli pi\u00f9 caratteristici del territorio, ricco di storia e tradizioni.\nSi immerge nel verde e nel silenzio di una natura incontaminata, ricca di verdi boschi e pinete, aria fresca e acque di sorgente che invitano a vivere emozioni e sensazioni indimenticabili.\t\t\t\t\t<\/div>\n\t\t\t\t\t\t<\/div>\n\t\t\t\t<\/div>\n\t\t\t\t\t\t<\/div>\n\t\t\t\t\t<\/div>\n\t\t<\/div>\n\t\t\t\t<div class=\"elementor-column elementor-col-50 elementor-top-column elementor-element elementor-element-63bf36c\" data-id=\"63bf36c\" data-element_type=\"column\">\n\t\t\t<div class=\"elementor-column-wrap elementor-element-populated\">\n\t\t\t\t\t\t\t<div class=\"elementor-widget-wrap\">\n\t\t\t\t\t\t<div class=\"elementor-element elementor-element-69374ca elementor-invisible elementor-widget elementor-widget-image\" data-id=\"69374ca\" data-element_type=\"widget\" data-settings=\"{&quot;_animation&quot;:&quot;fadeInRight&quot;}\" data-widget_type=\"image.default\">\n\t\t\t\t<div class=\"elementor-widget-container\">\n\t\t\t\t\t\t\t\t<div class=\"elementor-image\">\n\t\t\t\t\t\t\t\t\t\t\t\t<img decoding=\"async\" width=\"300\" height=\"225\" src=\"https:\/\/www.spoletokmzero.it\/site\/wp-content\/uploads\/2018\/09\/panorama-300x225.jpg\" class=\"attachment-medium size-medium wp-image-1106\" alt=\"\" loading=\"lazy\" srcset=\"https:\/\/www.spoletokmzero.it\/site\/wp-content\/uploads\/2018\/09\/panorama-300x225.jpg 300w, https:\/\/www.spoletokmzero.it\/site\/wp-content\/uploads\/2018\/09\/panorama-768x576.jpg 768w, https:\/\/www.spoletokmzero.it\/site\/wp-content\/uploads\/2018\/09\/panorama.jpg 800w\" sizes=\"100vw\" \/>\t\t\t\t\t\t\t\t\t\t\t\t\t\t<\/div>\n\t\t\t\t\t\t<\/div>\n\t\t\t\t<\/div>\n\t\t\t\t\t\t<\/div>\n\t\t\t\t\t<\/div>\n\t\t<\/div>\n\t\t\t\t\t\t\t\t<\/div>\n\t\t\t\t\t<\/div>\n\t\t<\/section>\n\t\t\t\t<section class=\"elementor-section elementor-top-section elementor-element elementor-element-cce7f64 elementor-section-boxed elementor-section-height-default elementor-section-height-default\" data-id=\"cce7f64\" data-element_type=\"section\">\n\t\t\t\t\t\t<div class=\"elementor-container elementor-column-gap-default\">\n\t\t\t\t\t\t\t<div class=\"elementor-row\">\n\t\t\t\t\t<div class=\"elementor-column elementor-col-50 elementor-top-column elementor-element elementor-element-d7f2481\" data-id=\"d7f2481\" data-element_type=\"column\">\n\t\t\t<div class=\"elementor-column-wrap elementor-element-populated\">\n\t\t\t\t\t\t\t<div class=\"elementor-widget-wrap\">\n\t\t\t\t\t\t<div class=\"elementor-element elementor-element-1d04c90 elementor-invisible elementor-widget elementor-widget-image\" data-id=\"1d04c90\" data-element_type=\"widget\" data-settings=\"{&quot;_animation&quot;:&quot;fadeInLeft&quot;}\" data-widget_type=\"image.default\">\n\t\t\t\t<div class=\"elementor-widget-container\">\n\t\t\t\t\t\t\t\t<div class=\"elementor-image\">\n\t\t\t\t\t\t\t\t\t\t\t\t<img decoding=\"async\" width=\"300\" height=\"200\" src=\"https:\/\/www.spoletokmzero.it\/site\/wp-content\/uploads\/2018\/09\/panorama2-300x200.jpg\" class=\"attachment-medium size-medium wp-image-1108\" alt=\"\" loading=\"lazy\" srcset=\"https:\/\/www.spoletokmzero.it\/site\/wp-content\/uploads\/2018\/09\/panorama2-300x200.jpg 300w, https:\/\/www.spoletokmzero.it\/site\/wp-content\/uploads\/2018\/09\/panorama2.jpg 520w\" sizes=\"100vw\" \/>\t\t\t\t\t\t\t\t\t\t\t\t\t\t<\/div>\n\t\t\t\t\t\t<\/div>\n\t\t\t\t<\/div>\n\t\t\t\t\t\t<\/div>\n\t\t\t\t\t<\/div>\n\t\t<\/div>\n\t\t\t\t<div class=\"elementor-column elementor-col-50 elementor-top-column elementor-element elementor-element-65cee6e\" data-id=\"65cee6e\" data-element_type=\"column\">\n\t\t\t<div class=\"elementor-column-wrap elementor-element-populated\">\n\t\t\t\t\t\t\t<div class=\"elementor-widget-wrap\">\n\t\t\t\t\t\t<div class=\"elementor-element elementor-element-41f295d elementor-invisible elementor-widget elementor-widget-image\" data-id=\"41f295d\" data-element_type=\"widget\" data-settings=\"{&quot;_animation&quot;:&quot;fadeInRight&quot;}\" data-widget_type=\"image.default\">\n\t\t\t\t<div class=\"elementor-widget-container\">\n\t\t\t\t\t\t\t\t<div class=\"elementor-image\">\n\t\t\t\t\t\t\t\t\t\t\t\t<img decoding=\"async\" width=\"300\" height=\"200\" src=\"https:\/\/www.spoletokmzero.it\/site\/wp-content\/uploads\/2018\/09\/camera-300x200.jpg\" class=\"attachment-medium size-medium wp-image-1109\" alt=\"\" loading=\"lazy\" srcset=\"https:\/\/www.spoletokmzero.it\/site\/wp-content\/uploads\/2018\/09\/camera-300x200.jpg 300w, https:\/\/www.spoletokmzero.it\/site\/wp-content\/uploads\/2018\/09\/camera.jpg 520w\" sizes=\"100vw\" \/>\t\t\t\t\t\t\t\t\t\t\t\t\t\t<\/div>\n\t\t\t\t\t\t<\/div>\n\t\t\t\t<\/div>\n\t\t\t\t\t\t<\/div>\n\t\t\t\t\t<\/div>\n\t\t<\/div>\n\t\t\t\t\t\t\t\t<\/div>\n\t\t\t\t\t<\/div>\n\t\t<\/section>\n\t\t\t\t<section class=\"elementor-section elementor-top-section elementor-element elementor-element-fade98e elementor-section-boxed elementor-section-height-default elementor-section-height-default\" data-id=\"fade98e\" data-element_type=\"section\">\n\t\t\t\t\t\t<div class=\"elementor-container elementor-column-gap-default\">\n\t\t\t\t\t\t\t<div class=\"elementor-row\">\n\t\t\t\t\t<div class=\"elementor-column elementor-col-50 elementor-top-column elementor-element elementor-element-05ec037\" data-id=\"05ec037\" data-element_type=\"column\">\n\t\t\t<div class=\"elementor-column-wrap elementor-element-populated\">\n\t\t\t\t\t\t\t<div class=\"elementor-widget-wrap\">\n\t\t\t\t\t\t<div class=\"elementor-element elementor-element-bbe9092 elementor-invisible elementor-widget elementor-widget-image\" data-id=\"bbe9092\" data-element_type=\"widget\" data-settings=\"{&quot;_animation&quot;:&quot;fadeInLeft&quot;}\" data-widget_type=\"image.default\">\n\t\t\t\t<div class=\"elementor-widget-container\">\n\t\t\t\t\t\t\t\t<div class=\"elementor-image\">\n\t\t\t\t\t\t\t\t\t\t\t\t<img decoding=\"async\" width=\"300\" height=\"225\" src=\"https:\/\/www.spoletokmzero.it\/site\/wp-content\/uploads\/2018\/09\/prodotti-300x225.jpg\" class=\"attachment-medium size-medium wp-image-1107\" alt=\"\" loading=\"lazy\" srcset=\"https:\/\/www.spoletokmzero.it\/site\/wp-content\/uploads\/2018\/09\/prodotti-300x225.jpg 300w, https:\/\/www.spoletokmzero.it\/site\/wp-content\/uploads\/2018\/09\/prodotti.jpg 520w\" sizes=\"100vw\" \/>\t\t\t\t\t\t\t\t\t\t\t\t\t\t<\/div>\n\t\t\t\t\t\t<\/div>\n\t\t\t\t<\/div>\n\t\t\t\t\t\t<\/div>\n\t\t\t\t\t<\/div>\n\t\t<\/div>\n\t\t\t\t<div class=\"elementor-column elementor-col-50 elementor-top-column elementor-element elementor-element-3000b85\" data-id=\"3000b85\" data-element_type=\"column\">\n\t\t\t<div class=\"elementor-column-wrap elementor-element-populated\">\n\t\t\t\t\t\t\t<div class=\"elementor-widget-wrap\">\n\t\t\t\t\t\t<div class=\"elementor-element elementor-element-e8fd9c7 elementor-invisible elementor-widget elementor-widget-text-editor\" data-id=\"e8fd9c7\" data-element_type=\"widget\" data-settings=\"{&quot;_animation&quot;:&quot;fadeInRight&quot;}\" data-widget_type=\"text-editor.default\">\n\t\t\t\t<div class=\"elementor-widget-container\">\n\t\t\t\t\t\t\t\t<div class=\"elementor-text-editor elementor-clearfix\">\n\t\t\t\t<p>Durante il soggiorno potrete approfittare su prenotazione, del servizio ristorante dove la nostra famiglia vi accoglier\u00e0 con calore e gentilezza facendovi gustare piatti tipici realizzati con i prodotti biologici della propria terra e se desiderate una colazione unica, conoscere le deliziose crostate fatte da Giacomina con le originali e bizzarre confetture prodotte in azienda e il miele dal profumo di montagna. In poco pi\u00f9 di mezz\u2019ora \u00e8 possibile raggiungere citt\u00e0 ricche d\u2019arte e cultura come Spoleto, Foligno, Perugia e visitare luoghi di culto quali Assisi, Cascia e Norcia.<\/p>\t\t\t\t\t<\/div>\n\t\t\t\t\t\t<\/div>\n\t\t\t\t<\/div>\n\t\t\t\t\t\t<\/div>\n\t\t\t\t\t<\/div>\n\t\t<\/div>\n\t\t\t\t\t\t\t\t<\/div>\n\t\t\t\t\t<\/div>\n\t\t<\/section>\n\t\t\t\t<section class=\"elementor-section elementor-top-section elementor-element elementor-element-fd68fb8 elementor-section-boxed elementor-section-height-default elementor-section-height-default\" data-id=\"fd68fb8\" data-element_type=\"section\">\n\t\t\t\t\t\t<div class=\"elementor-container elementor-column-gap-default\">\n\t\t\t\t\t\t\t<div class=\"elementor-row\">\n\t\t\t\t\t<div class=\"elementor-column elementor-col-100 elementor-top-column elementor-element elementor-element-ef49728\" data-id=\"ef49728\" data-element_type=\"column\">\n\t\t\t<div class=\"elementor-column-wrap elementor-element-populated\">\n\t\t\t\t\t\t\t<div class=\"elementor-widget-wrap\">\n\t\t\t\t\t\t<div class=\"elementor-element elementor-element-cf1c64a elementor-invisible elementor-widget elementor-widget-text-editor\" data-id=\"cf1c64a\" data-element_type=\"widget\" data-settings=\"{&quot;_animation&quot;:&quot;fadeInLeft&quot;}\" data-widget_type=\"text-editor.default\">\n\t\t\t\t<div class=\"elementor-widget-container\">\n\t\t\t\t\t\t\t\t<div class=\"elementor-text-editor elementor-clearfix\">\n\t\t\t\t<p>L\u2019Azienda in collaborazione con l\u2019Associazione \u201cMandorli in fiore\u201d (v.Fb) organizza eventi culturali ed olistici per la promozione di uno stile di vita comunitario e socialmente attivo.<\/p>\t\t\t\t\t<\/div>\n\t\t\t\t\t\t<\/div>\n\t\t\t\t<\/div>\n\t\t\t\t\t\t<\/div>\n\t\t\t\t\t<\/div>\n\t\t<\/div>\n\t\t\t\t\t\t\t\t<\/div>\n\t\t\t\t\t<\/div>\n\t\t<\/section>\n\t\t\t\t<section class=\"elementor-section elementor-top-section elementor-element elementor-element-8a50661 elementor-section-boxed elementor-section-height-default elementor-section-height-default\" data-id=\"8a50661\" data-element_type=\"section\">\n\t\t\t\t\t\t<div class=\"elementor-container elementor-column-gap-default\">\n\t\t\t\t\t\t\t<div class=\"elementor-row\">\n\t\t\t\t\t<div class=\"elementor-column elementor-col-100 elementor-top-column elementor-element elementor-element-8e626ad\" data-id=\"8e626ad\" data-element_type=\"column\">\n\t\t\t<div class=\"elementor-column-wrap elementor-element-populated\">\n\t\t\t\t\t\t\t<div class=\"elementor-widget-wrap\">\n\t\t\t\t\t\t<div class=\"elementor-element elementor-element-1a350ab elementor-widget elementor-widget-spacer\" data-id=\"1a350ab\" data-element_type=\"widget\" data-widget_type=\"spacer.default\">\n\t\t\t\t<div class=\"elementor-widget-container\">\n\t\t\t\t\t<div class=\"elementor-spacer\">\n\t\t\t<div class=\"elementor-spacer-inner\"><\/div>\n\t\t<\/div>\n\t\t\t\t<\/div>\n\t\t\t\t<\/div>\n\t\t\t\t\t\t<\/div>\n\t\t\t\t\t<\/div>\n\t\t<\/div>\n\t\t\t\t\t\t\t\t<\/div>\n\t\t\t\t\t<\/div>\n\t\t<\/section>\n\t\t\t\t<section class=\"elementor-section elementor-top-section elementor-element elementor-element-9430cb5 elementor-section-boxed elementor-section-height-default elementor-section-height-default\" data-id=\"9430cb5\" data-element_type=\"section\">\n\t\t\t\t\t\t<div class=\"elementor-container elementor-column-gap-default\">\n\t\t\t\t\t\t\t<div class=\"elementor-row\">\n\t\t\t\t\t<div class=\"elementor-column elementor-col-33 elementor-top-column elementor-element elementor-element-0710e7a\" data-id=\"0710e7a\" data-element_type=\"column\">\n\t\t\t<div class=\"elementor-column-wrap elementor-element-populated\">\n\t\t\t\t\t\t\t<div class=\"elementor-widget-wrap\">\n\t\t\t\t\t\t<div class=\"elementor-element elementor-element-b4519c8 elementor-invisible elementor-widget elementor-widget-image\" data-id=\"b4519c8\" data-element_type=\"widget\" data-settings=\"{&quot;_animation&quot;:&quot;fadeInLeft&quot;}\" data-widget_type=\"image.default\">\n\t\t\t\t<div class=\"elementor-widget-container\">\n\t\t\t\t\t\t\t\t<div class=\"elementor-image\">\n\t\t\t\t\t\t\t\t\t\t\t\t<img decoding=\"async\" width=\"197\" height=\"192\" src=\"https:\/\/www.spoletokmzero.it\/site\/wp-content\/uploads\/2018\/09\/castello-asparagi.png\" class=\"attachment-medium size-medium wp-image-805\" alt=\"\" loading=\"lazy\" sizes=\"100vw\" \/>\t\t\t\t\t\t\t\t\t\t\t\t\t\t<\/div>\n\t\t\t\t\t\t<\/div>\n\t\t\t\t<\/div>\n\t\t\t\t\t\t<\/div>\n\t\t\t\t\t<\/div>\n\t\t<\/div>\n\t\t\t\t<div class=\"elementor-column elementor-col-33 elementor-top-column elementor-element elementor-element-f6ee1ca\" data-id=\"f6ee1ca\" data-element_type=\"column\">\n\t\t\t<div class=\"elementor-column-wrap elementor-element-populated\">\n\t\t\t\t\t\t\t<div class=\"elementor-widget-wrap\">\n\t\t\t\t\t\t<div class=\"elementor-element elementor-element-ce67381 elementor-invisible elementor-widget elementor-widget-image\" data-id=\"ce67381\" data-element_type=\"widget\" data-settings=\"{&quot;_animation&quot;:&quot;fadeInUp&quot;}\" data-widget_type=\"image.default\">\n\t\t\t\t<div class=\"elementor-widget-container\">\n\t\t\t\t\t\t\t\t<div class=\"elementor-image\">\n\t\t\t\t\t\t\t\t\t\t\t\t<img decoding=\"async\" width=\"195\" height=\"161\" src=\"https:\/\/www.spoletokmzero.it\/site\/wp-content\/uploads\/2018\/09\/catello-salse.png\" class=\"attachment-medium size-medium wp-image-806\" alt=\"\" loading=\"lazy\" sizes=\"100vw\" \/>\t\t\t\t\t\t\t\t\t\t\t\t\t\t<\/div>\n\t\t\t\t\t\t<\/div>\n\t\t\t\t<\/div>\n\t\t\t\t\t\t<\/div>\n\t\t\t\t\t<\/div>\n\t\t<\/div>\n\t\t\t\t<div class=\"elementor-column elementor-col-33 elementor-top-column elementor-element elementor-element-18db31b\" data-id=\"18db31b\" data-element_type=\"column\">\n\t\t\t<div class=\"elementor-column-wrap elementor-element-populated\">\n\t\t\t\t\t\t\t<div class=\"elementor-widget-wrap\">\n\t\t\t\t\t\t<div class=\"elementor-element elementor-element-42f6859 elementor-invisible elementor-widget elementor-widget-image\" data-id=\"42f6859\" data-element_type=\"widget\" data-settings=\"{&quot;_animation&quot;:&quot;fadeInRight&quot;}\" data-widget_type=\"image.default\">\n\t\t\t\t<div class=\"elementor-widget-container\">\n\t\t\t\t\t\t\t\t<div class=\"elementor-image\">\n\t\t\t\t\t\t\t\t\t\t\t\t<img decoding=\"async\" width=\"192\" height=\"184\" src=\"https:\/\/www.spoletokmzero.it\/site\/wp-content\/uploads\/2018\/09\/castello-api.png\" class=\"attachment-medium size-medium wp-image-809\" alt=\"\" loading=\"lazy\" sizes=\"100vw\" \/>\t\t\t\t\t\t\t\t\t\t\t\t\t\t<\/div>\n\t\t\t\t\t\t<\/div>\n\t\t\t\t<\/div>\n\t\t\t\t\t\t<\/div>\n\t\t\t\t\t<\/div>\n\t\t<\/div>\n\t\t\t\t\t\t\t\t<\/div>\n\t\t\t\t\t<\/div>\n\t\t<\/section>\n\t\t\t\t<section class=\"elementor-section elementor-top-section elementor-element elementor-element-30cf102 elementor-section-boxed elementor-section-height-default elementor-section-height-default\" data-id=\"30cf102\" data-element_type=\"section\">\n\t\t\t\t\t\t<div class=\"elementor-container elementor-column-gap-default\">\n\t\t\t\t\t\t\t<div class=\"elementor-row\">\n\t\t\t\t\t<div class=\"elementor-column elementor-col-100 elementor-top-column elementor-element elementor-element-8a057f7\" data-id=\"8a057f7\" data-element_type=\"column\">\n\t\t\t<div class=\"elementor-column-wrap elementor-element-populated\">\n\t\t\t\t\t\t\t<div class=\"elementor-widget-wrap\">\n\t\t\t\t\t\t<div class=\"elementor-element elementor-element-6fef6b6 elementor-widget elementor-widget-spacer\" data-id=\"6fef6b6\" data-element_type=\"widget\" data-widget_type=\"spacer.default\">\n\t\t\t\t<div class=\"elementor-widget-container\">\n\t\t\t\t\t<div class=\"elementor-spacer\">\n\t\t\t<div class=\"elementor-spacer-inner\"><\/div>\n\t\t<\/div>\n\t\t\t\t<\/div>\n\t\t\t\t<\/div>\n\t\t\t\t\t\t<\/div>\n\t\t\t\t\t<\/div>\n\t\t<\/div>\n\t\t\t\t\t\t\t\t<\/div>\n\t\t\t\t\t<\/div>\n\t\t<\/section>\n\t\t\t\t<section class=\"elementor-section elementor-top-section elementor-element elementor-element-241c5b6 elementor-section-boxed elementor-section-height-default elementor-section-height-default\" data-id=\"241c5b6\" data-element_type=\"section\">\n\t\t\t\t\t\t<div class=\"elementor-container elementor-column-gap-default\">\n\t\t\t\t\t\t\t<div class=\"elementor-row\">\n\t\t\t\t\t<div class=\"elementor-column elementor-col-100 elementor-top-column elementor-element elementor-element-729965b\" data-id=\"729965b\" data-element_type=\"column\">\n\t\t\t<div class=\"elementor-column-wrap elementor-element-populated\">\n\t\t\t\t\t\t\t<div class=\"elementor-widget-wrap\">\n\t\t\t\t\t\t<div class=\"elementor-element elementor-element-9a10283 elementor-invisible elementor-widget elementor-widget-text-editor\" data-id=\"9a10283\" data-element_type=\"widget\" data-settings=\"{&quot;_animation&quot;:&quot;fadeInUp&quot;}\" data-widget_type=\"text-editor.default\">\n\t\t\t\t<div class=\"elementor-widget-container\">\n\t\t\t\t\t\t\t\t<div class=\"elementor-text-editor elementor-clearfix\">\n\t\t\t\t<p>La nostra famiglia, proprietaria del Castello del Sole, produce e trasforma la frutta biologica dei nostri frutteti e di altri contadini, in un vasto assortimento di <strong>confetture biologiche e tipiche<\/strong>, create con una particolare procedura attraverso uno speciale macchinario che ne permette la cottura al vapore e quindi il mantenimento della fragranza stessa della frutta usata.<br \/>Le nostre <strong>salse<\/strong>, fatte con le nostre verdure bio, come le confetture, sono tutte cotte al vapore con la nostra speciale macchina di cottura che permette di mantenere inalterato sapore e profumo.<br \/>Il <strong>miele<\/strong> delle nostre api \u00e8 di ottima qualit\u00e0 perch\u00e9 le api qui vivono a mille metri di altezza tra le valli umbre dei fiumi Nera e Menotre, luoghi incontaminati, ricchi di profumata vegetazione.<\/p>\t\t\t\t\t<\/div>\n\t\t\t\t\t\t<\/div>\n\t\t\t\t<\/div>\n\t\t\t\t\t\t<\/div>\n\t\t\t\t\t<\/div>\n\t\t<\/div>\n\t\t\t\t\t\t\t\t<\/div>\n\t\t\t\t\t<\/div>\n\t\t<\/section>\n\t\t\t\t\t\t\t\t\t<\/div>\n\t\t\t<\/div>\n\t\t\t\t\t<\/div>\n\t\t","protected":false},"excerpt":{"rendered":"<p>Il Castello del Sole Sellano loc. cammoro 32, 06030 Sellano PGEmail: magica52@gmail.comSito Web: Castello del Sole Il nostro Agriturismo si trova a Cammoro, nel comune di Sellano. E\u2019 composto di due confortevoli appartamenti che si affacciano sullo splendido panorama della catena dei Monti Sibillini. Il piccolo borgo che lo ospita \u00e8 uno dei Castelli pi\u00f9 &hellip; <\/p>\n<p class=\"link-more\"><a href=\"https:\/\/www.spoletokmzero.it\/site\/castello-del-sole\/\" class=\"more-link\">Leggi tutto<span class=\"screen-reader-text\"> &#8220;Castello del Sole&#8221;<\/span><\/a><\/p>\n","protected":false},"author":3,"featured_media":0,"parent":0,"menu_order":0,"comment_status":"closed","ping_status":"closed","template":"","meta":[],"_links":{"self":[{"href":"https:\/\/www.spoletokmzero.it\/site\/wp-json\/wp\/v2\/pages\/798"}],"collection":[{"href":"https:\/\/www.spoletokmzero.it\/site\/wp-json\/wp\/v2\/pages"}],"about":[{"href":"https:\/\/www.spoletokmzero.it\/site\/wp-json\/wp\/v2\/types\/page"}],"author":[{"embeddable":true,"href":"https:\/\/www.spoletokmzero.it\/site\/wp-json\/wp\/v2\/users\/3"}],"replies":[{"embeddable":true,"href":"https:\/\/www.spoletokmzero.it\/site\/wp-json\/wp\/v2\/comments?post=798"}],"version-history":[{"count":8,"href":"https:\/\/www.spoletokmzero.it\/site\/wp-json\/wp\/v2\/pages\/798\/revisions"}],"predecessor-version":[{"id":1261,"href":"https:\/\/www.spoletokmzero.it\/site\/wp-json\/wp\/v2\/pages\/798\/revisions\/1261"}],"wp:attachment":[{"href":"https:\/\/www.spoletokmzero.it\/site\/wp-json\/wp\/v2\/media?parent=798"}],"curies":[{"name":"wp","href":"https:\/\/api.w.org\/{rel}","templated":true}]}}