{"id":851,"date":"2018-09-05T10:02:37","date_gmt":"2018-09-05T08:02:37","guid":{"rendered":"http:\/\/www.spoletokmzero.it\/site\/?page_id=851"},"modified":"2018-10-24T14:58:43","modified_gmt":"2018-10-24T12:58:43","slug":"aiab-umbria-godo","status":"publish","type":"page","link":"https:\/\/www.spoletokmzero.it\/site\/aiab-umbria-godo\/","title":{"rendered":"Aiab Umbria Godo"},"content":{"rendered":"\t\t<div data-elementor-type=\"wp-post\" data-elementor-id=\"851\" class=\"elementor elementor-851 elementor-bc-flex-widget\">\n\t\t\t\t\t\t<div class=\"elementor-inner\">\n\t\t\t\t<div class=\"elementor-section-wrap\">\n\t\t\t\t\t\t\t\t\t<section class=\"elementor-section elementor-top-section elementor-element elementor-element-400a0bd elementor-section-boxed elementor-section-height-default elementor-section-height-default\" data-id=\"400a0bd\" data-element_type=\"section\">\n\t\t\t\t\t\t<div class=\"elementor-container elementor-column-gap-default\">\n\t\t\t\t\t\t\t<div class=\"elementor-row\">\n\t\t\t\t\t<div class=\"elementor-column elementor-col-100 elementor-top-column elementor-element elementor-element-7dffc33\" data-id=\"7dffc33\" data-element_type=\"column\">\n\t\t\t<div class=\"elementor-column-wrap elementor-element-populated\">\n\t\t\t\t\t\t\t<div class=\"elementor-widget-wrap\">\n\t\t\t\t\t\t<div class=\"elementor-element elementor-element-22eee2e elementor-widget elementor-widget-heading\" data-id=\"22eee2e\" data-element_type=\"widget\" data-widget_type=\"heading.default\">\n\t\t\t\t<div class=\"elementor-widget-container\">\n\t\t\t<h1 class=\"elementor-heading-title elementor-size-default\">AIAB Umbria G.O.D.O.<\/h1>\t\t<\/div>\n\t\t\t\t<\/div>\n\t\t\t\t\t\t<\/div>\n\t\t\t\t\t<\/div>\n\t\t<\/div>\n\t\t\t\t\t\t\t\t<\/div>\n\t\t\t\t\t<\/div>\n\t\t<\/section>\n\t\t\t\t<section class=\"elementor-section elementor-top-section elementor-element elementor-element-3fe7835 elementor-section-boxed elementor-section-height-default elementor-section-height-default\" data-id=\"3fe7835\" data-element_type=\"section\">\n\t\t\t\t\t\t<div class=\"elementor-container elementor-column-gap-default\">\n\t\t\t\t\t\t\t<div class=\"elementor-row\">\n\t\t\t\t\t<div class=\"elementor-column elementor-col-100 elementor-top-column elementor-element elementor-element-bcf9243\" data-id=\"bcf9243\" data-element_type=\"column\" data-settings=\"{&quot;background_background&quot;:&quot;classic&quot;}\">\n\t\t\t<div class=\"elementor-column-wrap elementor-element-populated\">\n\t\t\t\t\t\t\t<div class=\"elementor-widget-wrap\">\n\t\t\t\t\t\t<div class=\"elementor-element elementor-element-303d365 elementor-invisible elementor-widget elementor-widget-text-editor\" data-id=\"303d365\" data-element_type=\"widget\" data-settings=\"{&quot;_animation&quot;:&quot;fadeIn&quot;}\" data-widget_type=\"text-editor.default\">\n\t\t\t\t<div class=\"elementor-widget-container\">\n\t\t\t\t\t\t\t\t<div class=\"elementor-text-editor elementor-clearfix\">\n\t\t\t\t<p>Via delle Caravelle 8\/APERUGIA &#8211; FERRO DI CAVALLO<br \/>Email: aiab.umbria@aiab.it<br \/>Sito Web: <a href=\"http:\/\/www.aiabumbria.com\/\"><span style=\"color: #ffffff;\">AIABUMBRIA<\/span><\/a><\/p>\t\t\t\t\t<\/div>\n\t\t\t\t\t\t<\/div>\n\t\t\t\t<\/div>\n\t\t\t\t\t\t<\/div>\n\t\t\t\t\t<\/div>\n\t\t<\/div>\n\t\t\t\t\t\t\t\t<\/div>\n\t\t\t\t\t<\/div>\n\t\t<\/section>\n\t\t\t\t<section class=\"elementor-section elementor-top-section elementor-element elementor-element-65cabe7 elementor-section-boxed elementor-section-height-default elementor-section-height-default\" data-id=\"65cabe7\" data-element_type=\"section\">\n\t\t\t\t\t\t<div class=\"elementor-container elementor-column-gap-default\">\n\t\t\t\t\t\t\t<div class=\"elementor-row\">\n\t\t\t\t\t<div class=\"elementor-column elementor-col-50 elementor-top-column elementor-element elementor-element-1ca6ed9 elementor-invisible\" data-id=\"1ca6ed9\" data-element_type=\"column\" data-settings=\"{&quot;animation&quot;:&quot;fadeInLeft&quot;}\">\n\t\t\t<div class=\"elementor-column-wrap elementor-element-populated\">\n\t\t\t\t\t\t\t<div class=\"elementor-widget-wrap\">\n\t\t\t\t\t\t<div class=\"elementor-element elementor-element-bd7f2f9 elementor-widget elementor-widget-image\" data-id=\"bd7f2f9\" data-element_type=\"widget\" data-widget_type=\"image.default\">\n\t\t\t\t<div class=\"elementor-widget-container\">\n\t\t\t\t\t\t\t\t<div class=\"elementor-image\">\n\t\t\t\t\t\t\t\t\t\t\t\t<img decoding=\"async\" width=\"300\" height=\"82\" src=\"https:\/\/www.spoletokmzero.it\/site\/wp-content\/uploads\/2018\/09\/godo-aiab-300x82.png\" class=\"attachment-medium size-medium wp-image-862\" alt=\"\" loading=\"lazy\" srcset=\"https:\/\/www.spoletokmzero.it\/site\/wp-content\/uploads\/2018\/09\/godo-aiab-300x82.png 300w, https:\/\/www.spoletokmzero.it\/site\/wp-content\/uploads\/2018\/09\/godo-aiab.png 396w\" sizes=\"100vw\" \/>\t\t\t\t\t\t\t\t\t\t\t\t\t\t<\/div>\n\t\t\t\t\t\t<\/div>\n\t\t\t\t<\/div>\n\t\t\t\t<div class=\"elementor-element elementor-element-ef61005 elementor-widget elementor-widget-image\" data-id=\"ef61005\" data-element_type=\"widget\" data-widget_type=\"image.default\">\n\t\t\t\t<div class=\"elementor-widget-container\">\n\t\t\t\t\t\t\t\t<div class=\"elementor-image\">\n\t\t\t\t\t\t\t\t\t\t\t\t<img decoding=\"async\" width=\"300\" height=\"125\" src=\"https:\/\/www.spoletokmzero.it\/site\/wp-content\/uploads\/2018\/09\/godo2-300x125.png\" class=\"attachment-medium size-medium wp-image-861\" alt=\"\" loading=\"lazy\" srcset=\"https:\/\/www.spoletokmzero.it\/site\/wp-content\/uploads\/2018\/09\/godo2-300x125.png 300w, https:\/\/www.spoletokmzero.it\/site\/wp-content\/uploads\/2018\/09\/godo2-768x319.png 768w, https:\/\/www.spoletokmzero.it\/site\/wp-content\/uploads\/2018\/09\/godo2.png 918w\" sizes=\"100vw\" \/>\t\t\t\t\t\t\t\t\t\t\t\t\t\t<\/div>\n\t\t\t\t\t\t<\/div>\n\t\t\t\t<\/div>\n\t\t\t\t\t\t<\/div>\n\t\t\t\t\t<\/div>\n\t\t<\/div>\n\t\t\t\t<div class=\"elementor-column elementor-col-50 elementor-top-column elementor-element elementor-element-e9c2a9c elementor-invisible\" data-id=\"e9c2a9c\" data-element_type=\"column\" data-settings=\"{&quot;animation&quot;:&quot;fadeInRight&quot;}\">\n\t\t\t<div class=\"elementor-column-wrap elementor-element-populated\">\n\t\t\t\t\t\t\t<div class=\"elementor-widget-wrap\">\n\t\t\t\t\t\t<div class=\"elementor-element elementor-element-f01597d elementor-invisible elementor-widget elementor-widget-text-editor\" data-id=\"f01597d\" data-element_type=\"widget\" data-settings=\"{&quot;_animation&quot;:&quot;fadeInRight&quot;}\" data-widget_type=\"text-editor.default\">\n\t\t\t\t<div class=\"elementor-widget-container\">\n\t\t\t\t\t\t\t\t<div class=\"elementor-text-editor elementor-clearfix\">\n\t\t\t\t<p><strong>AIAB UMBRIA<\/strong> \u00e8 un\u2019associazione di promozione sociale federata ad AIAB (Associazione Italiana per l\u2019Agricoltura Biologica) che organizza e promuove l\u2019agricoltura biologica nella regione Umbria. Aiab fornisce ai soci servizi, sostegno e aggiornamento, con iniziative di promozione del settore. Contribuisce alla crescita della cultura e dell&#8217;informazione in difesa dell&#8217;ambiente, sostiene attivit\u00e0 per la conoscenza e il recupero delle tradizioni culturali dei vari territori.<\/p>\t\t\t\t\t<\/div>\n\t\t\t\t\t\t<\/div>\n\t\t\t\t<\/div>\n\t\t\t\t\t\t<\/div>\n\t\t\t\t\t<\/div>\n\t\t<\/div>\n\t\t\t\t\t\t\t\t<\/div>\n\t\t\t\t\t<\/div>\n\t\t<\/section>\n\t\t\t\t<section class=\"elementor-section elementor-top-section elementor-element elementor-element-80a4323 elementor-section-boxed elementor-section-height-default elementor-section-height-default\" data-id=\"80a4323\" data-element_type=\"section\">\n\t\t\t\t\t\t<div class=\"elementor-container elementor-column-gap-default\">\n\t\t\t\t\t\t\t<div class=\"elementor-row\">\n\t\t\t\t\t<div class=\"elementor-column elementor-col-100 elementor-top-column elementor-element elementor-element-b3ef454\" data-id=\"b3ef454\" data-element_type=\"column\">\n\t\t\t<div class=\"elementor-column-wrap elementor-element-populated\">\n\t\t\t\t\t\t\t<div class=\"elementor-widget-wrap\">\n\t\t\t\t\t\t<div class=\"elementor-element elementor-element-2c389bb elementor-invisible elementor-widget elementor-widget-text-editor\" data-id=\"2c389bb\" data-element_type=\"widget\" data-settings=\"{&quot;_animation&quot;:&quot;fadeInUp&quot;}\" data-widget_type=\"text-editor.default\">\n\t\t\t\t<div class=\"elementor-widget-container\">\n\t\t\t\t\t\t\t\t<div class=\"elementor-text-editor elementor-clearfix\">\n\t\t\t\t<p>Promuove iniziative utili allo sviluppo dei consumi pi\u00f9 naturali e salutari. Comunica con la base associativa e con i consumatori attraverso la rivista e il sito internet e le iniziative nazionali e locali, informando di tutte le novit\u00e0 e le notizie utili al lavoro, ai consumi e ai comportamenti. Fornisce idee e strumenti di lavoro per la crescita dell&#8217;economia ambientale di qualit\u00e0, con iniziative di ecoturismo nelle aziende e nei Parchi. Stimola lo spirito di innovazione tra le aziende associate.<\/p>\t\t\t\t\t<\/div>\n\t\t\t\t\t\t<\/div>\n\t\t\t\t<\/div>\n\t\t\t\t\t\t<\/div>\n\t\t\t\t\t<\/div>\n\t\t<\/div>\n\t\t\t\t\t\t\t\t<\/div>\n\t\t\t\t\t<\/div>\n\t\t<\/section>\n\t\t\t\t<section class=\"elementor-section elementor-top-section elementor-element elementor-element-6e9af21 elementor-section-boxed elementor-section-height-default elementor-section-height-default\" data-id=\"6e9af21\" data-element_type=\"section\">\n\t\t\t\t\t\t<div class=\"elementor-container elementor-column-gap-default\">\n\t\t\t\t\t\t\t<div class=\"elementor-row\">\n\t\t\t\t\t<div class=\"elementor-column elementor-col-50 elementor-top-column elementor-element elementor-element-6c10db3\" data-id=\"6c10db3\" data-element_type=\"column\">\n\t\t\t<div class=\"elementor-column-wrap elementor-element-populated\">\n\t\t\t\t\t\t\t<div class=\"elementor-widget-wrap\">\n\t\t\t\t\t\t<div class=\"elementor-element elementor-element-6e89b91 elementor-invisible elementor-widget elementor-widget-text-editor\" data-id=\"6e89b91\" data-element_type=\"widget\" data-settings=\"{&quot;_animation&quot;:&quot;fadeInLeft&quot;}\" data-widget_type=\"text-editor.default\">\n\t\t\t\t<div class=\"elementor-widget-container\">\n\t\t\t\t\t\t\t\t<div class=\"elementor-text-editor elementor-clearfix\">\n\t\t\t\t<p><strong>Il G.O.D.O. (Gruppo Organizzato Domanda Offerta)<\/strong> \u00e8 costituito da produttori e consumatori associati ad AIAB UMBRIAcon lo scopo di promuovere l\u2019incontro fra la domanda e l\u2018offerta di prodotti biologici del territorio. E&#8217; occasione per un consumo responsabile, basato su territorialit\u00e0, stagionalit\u00e0, visibilit\u00e0 di chi produce e scambio senza intermediazione, per avere prodotti sani e buoni a prezzi equi, per chi li vende e per chi li compra.<\/p>\t\t\t\t\t<\/div>\n\t\t\t\t\t\t<\/div>\n\t\t\t\t<\/div>\n\t\t\t\t\t\t<\/div>\n\t\t\t\t\t<\/div>\n\t\t<\/div>\n\t\t\t\t<div class=\"elementor-column elementor-col-50 elementor-top-column elementor-element elementor-element-7bd6a1d\" data-id=\"7bd6a1d\" data-element_type=\"column\">\n\t\t\t<div class=\"elementor-column-wrap elementor-element-populated\">\n\t\t\t\t\t\t\t<div class=\"elementor-widget-wrap\">\n\t\t\t\t\t\t<div class=\"elementor-element elementor-element-901241d elementor-invisible elementor-widget elementor-widget-image\" data-id=\"901241d\" data-element_type=\"widget\" data-settings=\"{&quot;_animation&quot;:&quot;fadeInRight&quot;}\" data-widget_type=\"image.default\">\n\t\t\t\t<div class=\"elementor-widget-container\">\n\t\t\t\t\t\t\t\t<div class=\"elementor-image\">\n\t\t\t\t\t\t\t\t\t\t\t\t<img decoding=\"async\" width=\"211\" height=\"300\" src=\"https:\/\/www.spoletokmzero.it\/site\/wp-content\/uploads\/2018\/09\/godo1-211x300.png\" class=\"attachment-medium size-medium wp-image-859\" alt=\"\" loading=\"lazy\" srcset=\"https:\/\/www.spoletokmzero.it\/site\/wp-content\/uploads\/2018\/09\/godo1-211x300.png 211w, https:\/\/www.spoletokmzero.it\/site\/wp-content\/uploads\/2018\/09\/godo1.png 235w\" sizes=\"100vw\" \/>\t\t\t\t\t\t\t\t\t\t\t\t\t\t<\/div>\n\t\t\t\t\t\t<\/div>\n\t\t\t\t<\/div>\n\t\t\t\t\t\t<\/div>\n\t\t\t\t\t<\/div>\n\t\t<\/div>\n\t\t\t\t\t\t\t\t<\/div>\n\t\t\t\t\t<\/div>\n\t\t<\/section>\n\t\t\t\t<section class=\"elementor-section elementor-top-section elementor-element elementor-element-ef1d82e elementor-section-boxed elementor-section-height-default elementor-section-height-default\" data-id=\"ef1d82e\" data-element_type=\"section\">\n\t\t\t\t\t\t<div class=\"elementor-container elementor-column-gap-default\">\n\t\t\t\t\t\t\t<div class=\"elementor-row\">\n\t\t\t\t\t<div class=\"elementor-column elementor-col-100 elementor-top-column elementor-element elementor-element-8fbd1aa\" data-id=\"8fbd1aa\" data-element_type=\"column\">\n\t\t\t<div class=\"elementor-column-wrap elementor-element-populated\">\n\t\t\t\t\t\t\t<div class=\"elementor-widget-wrap\">\n\t\t\t\t\t\t<div class=\"elementor-element elementor-element-1238136 elementor-invisible elementor-widget elementor-widget-text-editor\" data-id=\"1238136\" data-element_type=\"widget\" data-settings=\"{&quot;_animation&quot;:&quot;fadeInUp&quot;}\" data-widget_type=\"text-editor.default\">\n\t\t\t\t<div class=\"elementor-widget-container\">\n\t\t\t\t\t\t\t\t<div class=\"elementor-text-editor elementor-clearfix\">\n\t\t\t\t<p><span style=\"font-size: 1rem;\">L\u2019attivit\u00e0 principale del GODO \u00e8 l\u2019acquisto collettivo di prodotti biologici direttamente da aziende agricole socie AIAB, situate prevalentemente in Umbria o zone vocate limitrofe.\u00a0<\/span><span style=\"font-size: 1rem;\">Per diversificare l\u2019offerta, spesso ci avvaliamo della collaborazione di alcune aziende italiane pioniere del biologico.\u00a0<\/span><span style=\"font-size: 1rem;\">Il GODO non \u00e8 un supermercato, ma una nuova forma di incontro, scambio e collaborazione tra <\/span><strong style=\"font-size: 1rem;\">produttori biologici<\/strong><span style=\"font-size: 1rem;\"> e consumatori responsabili.\u00a0<\/span><span style=\"font-size: 1rem;\">Favorisce la creazione di una rete solidale con lo scopo di promuovere il consumo dei prodotti locali e stagionali, l&#8217;equit\u00e0 dei rapporti commerciali la tutela dell&#8217;ambiente e di garantire il diritto di una sana alimentazione a prezzi contenuti.<\/span><\/p>\t\t\t\t\t<\/div>\n\t\t\t\t\t\t<\/div>\n\t\t\t\t<\/div>\n\t\t\t\t\t\t<\/div>\n\t\t\t\t\t<\/div>\n\t\t<\/div>\n\t\t\t\t\t\t\t\t<\/div>\n\t\t\t\t\t<\/div>\n\t\t<\/section>\n\t\t\t\t<section class=\"elementor-section elementor-top-section elementor-element elementor-element-730a060 elementor-section-boxed elementor-section-height-default elementor-section-height-default\" data-id=\"730a060\" data-element_type=\"section\">\n\t\t\t\t\t\t<div class=\"elementor-container elementor-column-gap-default\">\n\t\t\t\t\t\t\t<div class=\"elementor-row\">\n\t\t\t\t\t<div class=\"elementor-column elementor-col-50 elementor-top-column elementor-element elementor-element-45373e2\" data-id=\"45373e2\" data-element_type=\"column\">\n\t\t\t<div class=\"elementor-column-wrap elementor-element-populated\">\n\t\t\t\t\t\t\t<div class=\"elementor-widget-wrap\">\n\t\t\t\t\t\t<div class=\"elementor-element elementor-element-7024a31 elementor-invisible elementor-widget elementor-widget-image\" data-id=\"7024a31\" data-element_type=\"widget\" data-settings=\"{&quot;_animation&quot;:&quot;fadeInLeft&quot;}\" data-widget_type=\"image.default\">\n\t\t\t\t<div class=\"elementor-widget-container\">\n\t\t\t\t\t\t\t\t<div class=\"elementor-image\">\n\t\t\t\t\t\t\t\t\t\t\t\t<img decoding=\"async\" width=\"300\" height=\"165\" src=\"https:\/\/www.spoletokmzero.it\/site\/wp-content\/uploads\/2018\/09\/godo-35-300x165.png\" class=\"attachment-medium size-medium wp-image-864\" alt=\"\" loading=\"lazy\" srcset=\"https:\/\/www.spoletokmzero.it\/site\/wp-content\/uploads\/2018\/09\/godo-35-300x165.png 300w, https:\/\/www.spoletokmzero.it\/site\/wp-content\/uploads\/2018\/09\/godo-35.png 616w\" sizes=\"100vw\" \/>\t\t\t\t\t\t\t\t\t\t\t\t\t\t<\/div>\n\t\t\t\t\t\t<\/div>\n\t\t\t\t<\/div>\n\t\t\t\t\t\t<\/div>\n\t\t\t\t\t<\/div>\n\t\t<\/div>\n\t\t\t\t<div class=\"elementor-column elementor-col-50 elementor-top-column elementor-element elementor-element-af74b98\" data-id=\"af74b98\" data-element_type=\"column\">\n\t\t\t<div class=\"elementor-column-wrap elementor-element-populated\">\n\t\t\t\t\t\t\t<div class=\"elementor-widget-wrap\">\n\t\t\t\t\t\t<div class=\"elementor-element elementor-element-04a4bd1 elementor-invisible elementor-widget elementor-widget-image\" data-id=\"04a4bd1\" data-element_type=\"widget\" data-settings=\"{&quot;_animation&quot;:&quot;fadeInRight&quot;}\" data-widget_type=\"image.default\">\n\t\t\t\t<div class=\"elementor-widget-container\">\n\t\t\t\t\t\t\t\t<div class=\"elementor-image\">\n\t\t\t\t\t\t\t\t\t\t\t\t<img decoding=\"async\" width=\"300\" height=\"153\" src=\"https:\/\/www.spoletokmzero.it\/site\/wp-content\/uploads\/2018\/09\/godo36-300x153.png\" class=\"attachment-medium size-medium wp-image-865\" alt=\"\" loading=\"lazy\" srcset=\"https:\/\/www.spoletokmzero.it\/site\/wp-content\/uploads\/2018\/09\/godo36-300x153.png 300w, https:\/\/www.spoletokmzero.it\/site\/wp-content\/uploads\/2018\/09\/godo36.png 466w\" sizes=\"100vw\" \/>\t\t\t\t\t\t\t\t\t\t\t\t\t\t<\/div>\n\t\t\t\t\t\t<\/div>\n\t\t\t\t<\/div>\n\t\t\t\t\t\t<\/div>\n\t\t\t\t\t<\/div>\n\t\t<\/div>\n\t\t\t\t\t\t\t\t<\/div>\n\t\t\t\t\t<\/div>\n\t\t<\/section>\n\t\t\t\t\t\t\t\t\t<\/div>\n\t\t\t<\/div>\n\t\t\t\t\t<\/div>\n\t\t","protected":false},"excerpt":{"rendered":"<p>AIAB Umbria G.O.D.O. Via delle Caravelle 8\/APERUGIA &#8211; FERRO DI CAVALLOEmail: aiab.umbria@aiab.itSito Web: AIABUMBRIA AIAB UMBRIA \u00e8 un\u2019associazione di promozione sociale federata ad AIAB (Associazione Italiana per l\u2019Agricoltura Biologica) che organizza e promuove l\u2019agricoltura biologica nella regione Umbria. Aiab fornisce ai soci servizi, sostegno e aggiornamento, con iniziative di promozione del settore. Contribuisce alla crescita &hellip; <\/p>\n<p class=\"link-more\"><a href=\"https:\/\/www.spoletokmzero.it\/site\/aiab-umbria-godo\/\" class=\"more-link\">Leggi tutto<span class=\"screen-reader-text\"> &#8220;Aiab Umbria Godo&#8221;<\/span><\/a><\/p>\n","protected":false},"author":3,"featured_media":0,"parent":0,"menu_order":0,"comment_status":"closed","ping_status":"closed","template":"","meta":[],"_links":{"self":[{"href":"https:\/\/www.spoletokmzero.it\/site\/wp-json\/wp\/v2\/pages\/851"}],"collection":[{"href":"https:\/\/www.spoletokmzero.it\/site\/wp-json\/wp\/v2\/pages"}],"about":[{"href":"https:\/\/www.spoletokmzero.it\/site\/wp-json\/wp\/v2\/types\/page"}],"author":[{"embeddable":true,"href":"https:\/\/www.spoletokmzero.it\/site\/wp-json\/wp\/v2\/users\/3"}],"replies":[{"embeddable":true,"href":"https:\/\/www.spoletokmzero.it\/site\/wp-json\/wp\/v2\/comments?post=851"}],"version-history":[{"count":15,"href":"https:\/\/www.spoletokmzero.it\/site\/wp-json\/wp\/v2\/pages\/851\/revisions"}],"predecessor-version":[{"id":1309,"href":"https:\/\/www.spoletokmzero.it\/site\/wp-json\/wp\/v2\/pages\/851\/revisions\/1309"}],"wp:attachment":[{"href":"https:\/\/www.spoletokmzero.it\/site\/wp-json\/wp\/v2\/media?parent=851"}],"curies":[{"name":"wp","href":"https:\/\/api.w.org\/{rel}","templated":true}]}}